{"id":525,"date":"2016-01-02T12:58:13","date_gmt":"2016-01-02T12:58:13","guid":{"rendered":"http:\/\/www.camadeira.com\/web\/?page_id=525"},"modified":"2018-05-27T19:45:39","modified_gmt":"2018-05-27T19:45:39","slug":"historial","status":"publish","type":"page","link":"https:\/\/www.camadeira.com\/web\/historial\/","title":{"rendered":"Historial"},"content":{"rendered":"<p align=\"justify\"><span style=\"color: #000000; font-family: Verdana,Arial,Helvetica,sans-serif; font-size: small;\">O Clube Aventura da Madeira (CAMadeira) foi fundado a 15 de Dezembro de 1997 por um grupo de entusiastas das actividades na Natureza, assumindo-se como o Clube pioneiro na Regi\u00e3o Aut\u00f3noma da Madeira na organiza\u00e7\u00e3o de eventos de Orienta\u00e7\u00e3o, de Surf e de multi-actividades de aventura no \u00e2mbito do Desporto Para Todos.<\/span><\/p>\n<p align=\"justify\"><span style=\"font-family: Verdana; font-size: small;\">Das actividades pioneiras desenvolvidas pelo Clube destaca-se a organiza\u00e7\u00e3o do 1\u00ba Campeonato Regional de Orienta\u00e7\u00e3o n\u00e3o federado (seis provas), o 1\u00ba Circuito Regional de Surf (tr\u00eas provas) e ainda v\u00e1rias actividades ligadas ao desporto de aventura, das quais se salienta os Jogos Juvenis da Aventura e o I Madeira Challenger.<\/span><\/p>\n<p align=\"justify\">\n","protected":false},"excerpt":{"rendered":"<p>O Clube Aventura da Madeira (CAMadeira) foi fundado a 15 de Dezembro de 1997 por um grupo de entusiastas das actividades na Natureza, assumindo-se como o Clube pioneiro na Regi\u00e3o [&hellip;]<\/p>\n","protected":false},"author":1,"featured_media":0,"parent":0,"menu_order":0,"comment_status":"closed","ping_status":"closed","template":"","meta":{"footnotes":""},"class_list":["post-525","page","type-page","status-publish"],"yoast_head":"<!-- This site is optimized with the Yoast SEO plugin v26.7 - https:\/\/yoast.com\/wordpress\/plugins\/seo\/ -->\n<title>Historial - Clube Aventura da Madeira<\/title>\n<meta name=\"robots\" content=\"index, follow, max-snippet:-1, max-image-preview:large, max-video-preview:-1\" \/>\n<link rel=\"canonical\" href=\"https:\/\/www.camadeira.com\/web\/historial\/\" \/>\n<meta property=\"og:locale\" content=\"pt_PT\" \/>\n<meta property=\"og:type\" content=\"article\" \/>\n<meta property=\"og:title\" content=\"Historial - Clube Aventura da Madeira\" \/>\n<meta property=\"og:description\" content=\"O Clube Aventura da Madeira (CAMadeira) foi fundado a 15 de Dezembro de 1997 por um grupo de entusiastas das actividades na Natureza, assumindo-se como o Clube pioneiro na Regi\u00e3o [&hellip;]\" \/>\n<meta property=\"og:url\" content=\"https:\/\/www.camadeira.com\/web\/historial\/\" \/>\n<meta property=\"og:site_name\" content=\"Clube Aventura da Madeira\" \/>\n<meta property=\"article:publisher\" content=\"https:\/\/www.facebook.com\/CAMadeira\" \/>\n<meta property=\"article:modified_time\" content=\"2018-05-27T19:45:39+00:00\" \/>\n<meta property=\"og:image\" content=\"https:\/\/www.camadeira.com\/web\/wp-content\/uploads\/2017\/08\/logoCAMadeiraSite.png\" \/>\n\t<meta property=\"og:image:width\" content=\"340\" \/>\n\t<meta property=\"og:image:height\" content=\"156\" \/>\n\t<meta property=\"og:image:type\" content=\"image\/png\" \/>\n<meta name=\"twitter:card\" content=\"summary_large_image\" \/>\n<meta name=\"twitter:label1\" content=\"Tempo estimado de leitura\" \/>\n\t<meta name=\"twitter:data1\" content=\"1 minuto\" \/>\n<script type=\"application\/ld+json\" class=\"yoast-schema-graph\">{\"@context\":\"https:\/\/schema.org\",\"@graph\":[{\"@type\":\"WebPage\",\"@id\":\"https:\/\/www.camadeira.com\/web\/historial\/\",\"url\":\"https:\/\/www.camadeira.com\/web\/historial\/\",\"name\":\"Historial - Clube Aventura da Madeira\",\"isPartOf\":{\"@id\":\"https:\/\/www.camadeira.com\/web\/#website\"},\"datePublished\":\"2016-01-02T12:58:13+00:00\",\"dateModified\":\"2018-05-27T19:45:39+00:00\",\"breadcrumb\":{\"@id\":\"https:\/\/www.camadeira.com\/web\/historial\/#breadcrumb\"},\"inLanguage\":\"pt-PT\",\"potentialAction\":[{\"@type\":\"ReadAction\",\"target\":[\"https:\/\/www.camadeira.com\/web\/historial\/\"]}]},{\"@type\":\"BreadcrumbList\",\"@id\":\"https:\/\/www.camadeira.com\/web\/historial\/#breadcrumb\",\"itemListElement\":[{\"@type\":\"ListItem\",\"position\":1,\"name\":\"In\u00edcio\",\"item\":\"https:\/\/www.camadeira.com\/web\/\"},{\"@type\":\"ListItem\",\"position\":2,\"name\":\"Historial\"}]},{\"@type\":\"WebSite\",\"@id\":\"https:\/\/www.camadeira.com\/web\/#website\",\"url\":\"https:\/\/www.camadeira.com\/web\/\",\"name\":\"Clube Aventura da Madeira\",\"description\":\"Clube Aventura da Madeira\",\"publisher\":{\"@id\":\"https:\/\/www.camadeira.com\/web\/#organization\"},\"potentialAction\":[{\"@type\":\"SearchAction\",\"target\":{\"@type\":\"EntryPoint\",\"urlTemplate\":\"https:\/\/www.camadeira.com\/web\/?s={search_term_string}\"},\"query-input\":{\"@type\":\"PropertyValueSpecification\",\"valueRequired\":true,\"valueName\":\"search_term_string\"}}],\"inLanguage\":\"pt-PT\"},{\"@type\":\"Organization\",\"@id\":\"https:\/\/www.camadeira.com\/web\/#organization\",\"name\":\"Clube Aventura da Madeira\",\"url\":\"https:\/\/www.camadeira.com\/web\/\",\"logo\":{\"@type\":\"ImageObject\",\"inLanguage\":\"pt-PT\",\"@id\":\"https:\/\/www.camadeira.com\/web\/#\/schema\/logo\/image\/\",\"url\":\"https:\/\/www.camadeira.com\/web\/wp-content\/uploads\/2017\/08\/logoCAMadeiraSite.png\",\"contentUrl\":\"https:\/\/www.camadeira.com\/web\/wp-content\/uploads\/2017\/08\/logoCAMadeiraSite.png\",\"width\":340,\"height\":156,\"caption\":\"Clube Aventura da Madeira\"},\"image\":{\"@id\":\"https:\/\/www.camadeira.com\/web\/#\/schema\/logo\/image\/\"},\"sameAs\":[\"https:\/\/www.facebook.com\/CAMadeira\"]}]}<\/script>\n<!-- \/ Yoast SEO plugin. -->","yoast_head_json":{"title":"Historial - Clube Aventura da Madeira","robots":{"index":"index","follow":"follow","max-snippet":"max-snippet:-1","max-image-preview":"max-image-preview:large","max-video-preview":"max-video-preview:-1"},"canonical":"https:\/\/www.camadeira.com\/web\/historial\/","og_locale":"pt_PT","og_type":"article","og_title":"Historial - Clube Aventura da Madeira","og_description":"O Clube Aventura da Madeira (CAMadeira) foi fundado a 15 de Dezembro de 1997 por um grupo de entusiastas das actividades na Natureza, assumindo-se como o Clube pioneiro na Regi\u00e3o [&hellip;]","og_url":"https:\/\/www.camadeira.com\/web\/historial\/","og_site_name":"Clube Aventura da Madeira","article_publisher":"https:\/\/www.facebook.com\/CAMadeira","article_modified_time":"2018-05-27T19:45:39+00:00","og_image":[{"width":340,"height":156,"url":"https:\/\/www.camadeira.com\/web\/wp-content\/uploads\/2017\/08\/logoCAMadeiraSite.png","type":"image\/png"}],"twitter_card":"summary_large_image","twitter_misc":{"Tempo estimado de leitura":"1 minuto"},"schema":{"@context":"https:\/\/schema.org","@graph":[{"@type":"WebPage","@id":"https:\/\/www.camadeira.com\/web\/historial\/","url":"https:\/\/www.camadeira.com\/web\/historial\/","name":"Historial - Clube Aventura da Madeira","isPartOf":{"@id":"https:\/\/www.camadeira.com\/web\/#website"},"datePublished":"2016-01-02T12:58:13+00:00","dateModified":"2018-05-27T19:45:39+00:00","breadcrumb":{"@id":"https:\/\/www.camadeira.com\/web\/historial\/#breadcrumb"},"inLanguage":"pt-PT","potentialAction":[{"@type":"ReadAction","target":["https:\/\/www.camadeira.com\/web\/historial\/"]}]},{"@type":"BreadcrumbList","@id":"https:\/\/www.camadeira.com\/web\/historial\/#breadcrumb","itemListElement":[{"@type":"ListItem","position":1,"name":"In\u00edcio","item":"https:\/\/www.camadeira.com\/web\/"},{"@type":"ListItem","position":2,"name":"Historial"}]},{"@type":"WebSite","@id":"https:\/\/www.camadeira.com\/web\/#website","url":"https:\/\/www.camadeira.com\/web\/","name":"Clube Aventura da Madeira","description":"Clube Aventura da Madeira","publisher":{"@id":"https:\/\/www.camadeira.com\/web\/#organization"},"potentialAction":[{"@type":"SearchAction","target":{"@type":"EntryPoint","urlTemplate":"https:\/\/www.camadeira.com\/web\/?s={search_term_string}"},"query-input":{"@type":"PropertyValueSpecification","valueRequired":true,"valueName":"search_term_string"}}],"inLanguage":"pt-PT"},{"@type":"Organization","@id":"https:\/\/www.camadeira.com\/web\/#organization","name":"Clube Aventura da Madeira","url":"https:\/\/www.camadeira.com\/web\/","logo":{"@type":"ImageObject","inLanguage":"pt-PT","@id":"https:\/\/www.camadeira.com\/web\/#\/schema\/logo\/image\/","url":"https:\/\/www.camadeira.com\/web\/wp-content\/uploads\/2017\/08\/logoCAMadeiraSite.png","contentUrl":"https:\/\/www.camadeira.com\/web\/wp-content\/uploads\/2017\/08\/logoCAMadeiraSite.png","width":340,"height":156,"caption":"Clube Aventura da Madeira"},"image":{"@id":"https:\/\/www.camadeira.com\/web\/#\/schema\/logo\/image\/"},"sameAs":["https:\/\/www.facebook.com\/CAMadeira"]}]}},"_links":{"self":[{"href":"https:\/\/www.camadeira.com\/web\/wp-json\/wp\/v2\/pages\/525","targetHints":{"allow":["GET"]}}],"collection":[{"href":"https:\/\/www.camadeira.com\/web\/wp-json\/wp\/v2\/pages"}],"about":[{"href":"https:\/\/www.camadeira.com\/web\/wp-json\/wp\/v2\/types\/page"}],"author":[{"embeddable":true,"href":"https:\/\/www.camadeira.com\/web\/wp-json\/wp\/v2\/users\/1"}],"replies":[{"embeddable":true,"href":"https:\/\/www.camadeira.com\/web\/wp-json\/wp\/v2\/comments?post=525"}],"version-history":[{"count":2,"href":"https:\/\/www.camadeira.com\/web\/wp-json\/wp\/v2\/pages\/525\/revisions"}],"predecessor-version":[{"id":835,"href":"https:\/\/www.camadeira.com\/web\/wp-json\/wp\/v2\/pages\/525\/revisions\/835"}],"wp:attachment":[{"href":"https:\/\/www.camadeira.com\/web\/wp-json\/wp\/v2\/media?parent=525"}],"curies":[{"name":"wp","href":"https:\/\/api.w.org\/{rel}","templated":true}]}}